{"id":53,"date":"2024-10-27T21:38:07","date_gmt":"2024-10-28T02:38:07","guid":{"rendered":"https:\/\/aleacionin.com\/?page_id=53"},"modified":"2025-02-28T16:22:02","modified_gmt":"2025-02-28T21:22:02","slug":"informacion-tecnica","status":"publish","type":"page","link":"https:\/\/aleacionin.com\/index.php\/informacion-tecnica\/","title":{"rendered":"Informaci\u00f3n t\u00e9cnica"},"content":{"rendered":"<p>[et_pb_section fb_built=\u00bb1&#8243; _builder_version=\u00bb4.27.4&#8243; _module_preset=\u00bbdefault\u00bb min_height=\u00bb586px\u00bb custom_padding=\u00bb148px|||||\u00bb hover_enabled=\u00bb0&#8243; da_disable_devices=\u00bboff|off|off\u00bb global_colors_info=\u00bb{}\u00bb title_text=\u00bb20240402_114830&#8243; background_image=\u00bbhttps:\/\/aleacionin.com\/wp-content\/uploads\/2025\/02\/20240402_114830.jpg\u00bb sticky_enabled=\u00bb0&#8243; background_color=\u00bb#9b9b9b\u00bb background_blend=\u00bbdarken\u00bb da_is_popup=\u00bboff\u00bb da_exit_intent=\u00bboff\u00bb da_has_close=\u00bbon\u00bb da_alt_close=\u00bboff\u00bb da_dark_close=\u00bboff\u00bb da_not_modal=\u00bbon\u00bb da_is_singular=\u00bboff\u00bb da_with_loader=\u00bboff\u00bb da_has_shadow=\u00bbon\u00bb][et_pb_row column_structure=\u00bb1_2,1_2&#8243; _builder_version=\u00bb4.27.4&#8243; _module_preset=\u00bbdefault\u00bb width=\u00bb81.4%\u00bb min_height=\u00bb341.1px\u00bb custom_margin=\u00bb|399px||421px||\u00bb custom_padding=\u00bb||274px|||\u00bb global_colors_info=\u00bb{}\u00bb][et_pb_column type=\u00bb1_2&#8243; _builder_version=\u00bb4.27.4&#8243; _module_preset=\u00bbdefault\u00bb global_colors_info=\u00bb{}\u00bb][et_pb_image src=\u00bbhttps:\/\/aleacionin.com\/wp-content\/uploads\/2025\/02\/491-2020-1.png\u00bb title_text=\u00bb491-2020&#8243; _builder_version=\u00bb4.27.4&#8243; _module_preset=\u00bbdefault\u00bb global_colors_info=\u00bb{}\u00bb][\/et_pb_image][et_pb_text _builder_version=\u00bb4.27.4&#8243; _module_preset=\u00bbdefault\u00bb hover_enabled=\u00bb0&#8243; global_colors_info=\u00bb{}\u00bb text_text_color=\u00bb#FFFFFF\u00bb sticky_enabled=\u00bb0&#8243;]<\/p>\n<p><span>La <\/span><strong>Resoluci\u00f3n 0491 de 2020<\/strong><span> del Ministerio de Trabajo de Colombia regula el trabajo en espacios confinados, estableciendo la necesidad de evaluar riesgos, capacitar a los trabajadores, implementar permisos de acceso, usar equipo de protecci\u00f3n personal, realizar monitoreo atmosf\u00e9rico y contar con planes de rescate, todo con el fin de garantizar la seguridad y salud de los empleados en estas condiciones.<\/span><\/p>\n<p>[\/et_pb_text][et_pb_button button_url=\u00bbhttps:\/\/ccs.org.co\/wp-content\/uploads\/2020\/02\/Resolucion-0491del-2020-REGLAMENTO-TRABAJO-SDEGURO-EN-ESPACIOS-CONFINADOS.pdf\u00bb button_text=\u00bbClick aqu\u00ed para ver\u00bb button_alignment=\u00bbcenter\u00bb _builder_version=\u00bb4.27.4&#8243; _module_preset=\u00bbdefault\u00bb custom_button=\u00bbon\u00bb button_text_size=\u00bb18px\u00bb button_text_color=\u00bbgcid-primary-color\u00bb button_bg_color=\u00bbRGBA(255,255,255,0)\u00bb button_border_width=\u00bb3px\u00bb button_border_color=\u00bbgcid-primary-color\u00bb button_border_radius=\u00bb29px\u00bb button_letter_spacing=\u00bb2px\u00bb button_font=\u00bbBaumans||||||||\u00bb button_icon=\u00bb&#xe101;||divi||400&#8243; hover_enabled=\u00bb0&#8243; global_colors_info=\u00bb{%22gcid-primary-color%22:%91%22button_text_color%22,%22button_border_color%22%93}\u00bb button_bg_enable_color=\u00bbon\u00bb sticky_enabled=\u00bb0&#8243;][\/et_pb_button][\/et_pb_column][et_pb_column type=\u00bb1_2&#8243; _builder_version=\u00bb4.27.4&#8243; _module_preset=\u00bbdefault\u00bb global_colors_info=\u00bb{}\u00bb][et_pb_image src=\u00bbhttps:\/\/aleacionin.com\/wp-content\/uploads\/2025\/02\/4272-2021.png\u00bb title_text=\u00bb4272-2021&#8243; _builder_version=\u00bb4.27.4&#8243; _module_preset=\u00bbdefault\u00bb custom_margin=\u00bb||8px|||\u00bb global_colors_info=\u00bb{}\u00bb][\/et_pb_image][et_pb_text _builder_version=\u00bb4.27.4&#8243; _module_preset=\u00bbdefault\u00bb hover_enabled=\u00bb0&#8243; global_colors_info=\u00bb{}\u00bb text_text_color=\u00bb#FFFFFF\u00bb sticky_enabled=\u00bb0&#8243;]<\/p>\n<p><span>La <\/span><strong>Resoluci\u00f3n 4272 de 2021<\/strong><span> establece requisitos de seguridad para el trabajo en alturas, definido como actividades a m\u00e1s de 2 metros del suelo. Incluye la evaluaci\u00f3n de riesgos, capacitaci\u00f3n obligatoria para los trabajadores, uso de equipos de protecci\u00f3n como arneses y cascos, supervisi\u00f3n por personal capacitado y mantenimiento regular de los equipos. Su prop\u00f3sito es garantizar la seguridad y salud de los trabajadores en estas tareas.<\/span><\/p>\n<p>[\/et_pb_text][et_pb_button button_url=\u00bbhttps:\/\/www.apccolombia.gov.co\/sites\/default\/files\/2022-03\/Resolucion%204272-2021%20Reglamenta%20Trabajo%20en%20Alturas%20%281%29.pdf\u00bb button_text=\u00bbClick aqu\u00ed para ver\u00bb button_alignment=\u00bbcenter\u00bb _builder_version=\u00bb4.27.4&#8243; _module_preset=\u00bbdefault\u00bb custom_button=\u00bbon\u00bb button_text_size=\u00bb18px\u00bb button_text_color=\u00bbgcid-primary-color\u00bb button_bg_color=\u00bbRGBA(255,255,255,0)\u00bb button_border_width=\u00bb4px\u00bb button_border_color=\u00bbgcid-primary-color\u00bb button_border_radius=\u00bb29px\u00bb button_letter_spacing=\u00bb2px\u00bb button_font=\u00bbBaumans||||||||\u00bb button_icon=\u00bb&#xe101;||divi||400&#8243; hover_enabled=\u00bb0&#8243; global_colors_info=\u00bb{%22gcid-primary-color%22:%91%22button_text_color%22,%22button_border_color%22%93}\u00bb button_bg_enable_color=\u00bbon\u00bb sticky_enabled=\u00bb0&#8243;][\/et_pb_button][et_pb_image src=\u00bbhttps:\/\/aleacionin.com\/wp-content\/uploads\/2025\/02\/0312-2019.png\u00bb title_text=\u00bb0312-2019&#8243; _builder_version=\u00bb4.27.4&#8243; _module_preset=\u00bbdefault\u00bb global_colors_info=\u00bb{}\u00bb][\/et_pb_image][et_pb_text _builder_version=\u00bb4.27.4&#8243; _module_preset=\u00bbdefault\u00bb hover_enabled=\u00bb0&#8243; global_colors_info=\u00bb{}\u00bb text_text_color=\u00bb#FFFFFF\u00bb sticky_enabled=\u00bb0&#8243;]<\/p>\n<p><span>Su objetivo es asegurar que los trabajadores desarrollen sus actividades en entornos seguros y saludables, definiendo criterios y requisitos para las personas naturales y jur\u00eddicas<\/span><\/p>\n<p>[\/et_pb_text][et_pb_button button_url=\u00bbhttps:\/\/www.mintrabajo.gov.co\/documents\/20147\/59995826\/Resolucion+0312-2019-+Estandares+minimos+del+Sistema+de+la+Seguridad+y+Salud.pdf\u00bb button_text=\u00bbClick aqu\u00ed para ver\u00bb button_alignment=\u00bbcenter\u00bb _builder_version=\u00bb4.27.4&#8243; _module_preset=\u00bbdefault\u00bb custom_button=\u00bbon\u00bb button_text_size=\u00bb18px\u00bb button_text_color=\u00bbgcid-primary-color\u00bb button_bg_color=\u00bbRGBA(255,255,255,0)\u00bb button_border_width=\u00bb4px\u00bb button_border_color=\u00bbgcid-primary-color\u00bb button_border_radius=\u00bb29px\u00bb button_letter_spacing=\u00bb2px\u00bb button_font=\u00bbBaumans||||||||\u00bb button_icon=\u00bb&#xe101;||divi||400&#8243; hover_enabled=\u00bb0&#8243; global_colors_info=\u00bb{%22gcid-primary-color%22:%91%22button_text_color%22,%22button_border_color%22%93}\u00bb button_bg_enable_color=\u00bbon\u00bb sticky_enabled=\u00bb0&#8243;][\/et_pb_button][\/et_pb_column][\/et_pb_row][\/et_pb_section]<\/p>\n","protected":false},"excerpt":{"rendered":"<p>La Resoluci\u00f3n 0491 de 2020 del Ministerio de Trabajo de Colombia regula el trabajo en espacios confinados, estableciendo la necesidad de evaluar riesgos, capacitar a los trabajadores, implementar permisos de acceso, usar equipo de protecci\u00f3n personal, realizar monitoreo atmosf\u00e9rico y contar con planes de rescate, todo con el fin de garantizar la seguridad y salud [&hellip;]<\/p>\n","protected":false},"author":1,"featured_media":0,"parent":0,"menu_order":0,"comment_status":"closed","ping_status":"closed","template":"","meta":{"_et_pb_use_builder":"on","_et_pb_old_content":"","_et_gb_content_width":"","_joinchat":[],"footnotes":""},"class_list":["post-53","page","type-page","status-publish","hentry"],"_links":{"self":[{"href":"https:\/\/aleacionin.com\/index.php\/wp-json\/wp\/v2\/pages\/53","targetHints":{"allow":["GET"]}}],"collection":[{"href":"https:\/\/aleacionin.com\/index.php\/wp-json\/wp\/v2\/pages"}],"about":[{"href":"https:\/\/aleacionin.com\/index.php\/wp-json\/wp\/v2\/types\/page"}],"author":[{"embeddable":true,"href":"https:\/\/aleacionin.com\/index.php\/wp-json\/wp\/v2\/users\/1"}],"replies":[{"embeddable":true,"href":"https:\/\/aleacionin.com\/index.php\/wp-json\/wp\/v2\/comments?post=53"}],"version-history":[{"count":12,"href":"https:\/\/aleacionin.com\/index.php\/wp-json\/wp\/v2\/pages\/53\/revisions"}],"predecessor-version":[{"id":457,"href":"https:\/\/aleacionin.com\/index.php\/wp-json\/wp\/v2\/pages\/53\/revisions\/457"}],"wp:attachment":[{"href":"https:\/\/aleacionin.com\/index.php\/wp-json\/wp\/v2\/media?parent=53"}],"curies":[{"name":"wp","href":"https:\/\/api.w.org\/{rel}","templated":true}]}}